{"id":436,"date":"2024-05-28T15:42:44","date_gmt":"2024-05-28T15:42:44","guid":{"rendered":"https:\/\/witsalon.com\/declaracion-de-accesibilidad\/"},"modified":"2024-05-28T15:42:44","modified_gmt":"2024-05-28T15:42:44","slug":"declaracion-de-accesibilidad","status":"publish","type":"page","link":"https:\/\/witsalon.com\/en\/declaracion-de-accesibilidad\/","title":{"rendered":"Declaraci\u00f3n de accesibilidad del portal web"},"content":{"rendered":"<div class=\"wpb-content-wrapper\"><p>[vc_row full_width=&#8221;stretch_row&#8221; css=&#8221;.vc_custom_1716901028558{background-color: #a5e3e1 !important;}&#8221; woodmart_css_id=&#8221;6655d4960dcbb&#8221; responsive_spacing=&#8221;eyJwYXJhbV90eXBlIjoid29vZG1hcnRfcmVzcG9uc2l2ZV9zcGFjaW5nIiwic2VsZWN0b3JfaWQiOiI2NjU1ZDQ5NjBkY2JiIiwic2hvcnRjb2RlIjoidmNfcm93IiwiZGF0YSI6eyJ0YWJsZXQiOnt9LCJtb2JpbGUiOnt9fX0=&#8221; mobile_bg_img_hidden=&#8221;no&#8221; tablet_bg_img_hidden=&#8221;no&#8221; woodmart_parallax=&#8221;0&#8243; woodmart_gradient_switch=&#8221;no&#8221; woodmart_box_shadow=&#8221;no&#8221; wd_z_index=&#8221;no&#8221; woodmart_disable_overflow=&#8221;0&#8243; row_reverse_mobile=&#8221;0&#8243; row_reverse_tablet=&#8221;0&#8243;][vc_column width=&#8221;1\/6&#8243;][\/vc_column][vc_column width=&#8221;2\/3&#8243;][vc_column_text css=&#8221;&#8221; woodmart_inline=&#8221;no&#8221; text_larger=&#8221;no&#8221;]<\/p>\n<h1 style=\"font-size: 44px; color: #f29163;\">Declaraci\u00f3n de accesibilidad del portal web<\/h1>\n<p>Pol\u00edtica de accesibilidad y cumplimiento de los est\u00e1ndares<\/p>\n<p><strong>Witsalon.com<\/strong> tiene el objetivo de hacer que todas las personas puedan acceder al portal web sin encontrar barreras f\u00edsicas, tecnol\u00f3gicas o intelectuales. Por esa raz\u00f3n, trabajamos junto a GMEDIA para conseguir cumplir el nivel AA de las Directrices de Accesibilidad para el Contenido Web 2.0. del World Wide Web Consortium.<br \/>\nCaracter\u00edsticas de accesibilidad<\/p>\n<p><strong>Estructura de las p\u00e1ginas<\/strong><\/p>\n<p>Las p\u00e1ginas del portal est\u00e1n estructuradas correctamente, separando el contenido y la presentaci\u00f3n mediante el uso de hojas de estilo (CSS). Eso permite acceder a los contenidos mediante navegadores no visuales o cuando no se quieran usar las hojas de estilo predeterminadas. Se utiliza un lenguaje HTML5 v\u00e1lido y bien etiquetado, con una estructura de encabezados que permite una navegaci\u00f3n f\u00e1cil por el contenido siguiendo los est\u00e1ndares del W3C.<\/p>\n<p><strong>Texto<\/strong><\/p>\n<p>El tama\u00f1o del texto puede redimensionarse seg\u00fan las preferencias del usuario. Para ello, puede utilizar las teclas CTRL+ y CTRL-. De la misma manera, en los \u201cajustes\u201d de su navegador puede definir una fuente mayor y la p\u00e1gina seguir\u00e1, en la medida de lo posible, siendo legible.<\/p>\n<p><strong>Enlaces<\/strong><\/p>\n<p>Trabajamos para que todos los enlaces sean comprensibles y claros.<\/p>\n<p><strong>Im\u00e1genes y otros elementos multimedia<\/strong><\/p>\n<p>Hacemos todo lo posible para que se pueda acceder al portal sin necesidad de ver im\u00e1genes u otros elementos multimedia. Para ello, proporcionamos un texto alternativo cuando es necesario.<\/p>\n<p><strong>Dependencia de dispositivo<\/strong><\/p>\n<p>El contenido es operable a trav\u00e9s de teclado sin un l\u00edmite de tiempo espec\u00edfico para realizar las pulsaciones de las teclas.<\/p>\n<p><strong>Consideraciones<\/strong><\/p>\n<p><strong>Witsalon.com<\/strong> sigue trabajando activamente cada d\u00eda para conseguir un nivel consistente de accesibilidad y mantener las p\u00e1ginas creadas en un per\u00edodo largo de tiempo. Por eso, nuestra intenci\u00f3n es ir aplicando las mejoras conforme al proceso natural de actualizaci\u00f3n de contenidos (por ejemplo, mejoras en im\u00e1genes y contraste de color).<\/p>\n<p><strong>Contacto<\/strong><\/p>\n<p>La accesibilidad es un trabajo continuo y todas las opiniones o sugerencias que puedan ayudar en el proceso de mejora son bienvenidas. Puedes contactar con\u00a0<strong>witsalon.com<\/strong> a trav\u00e9s de nuestro servicio de atenci\u00f3n al cliente.[\/vc_column_text][\/vc_column][vc_column width=&#8221;1\/6&#8243;][\/vc_column][\/vc_row]<\/p>\n<\/div>","protected":false},"excerpt":{"rendered":"<p>[vc_row full_width=&#8221;stretch_row&#8221; css=&#8221;.vc_custom_1716901028558{background-color: #a5e3e1 !important;}&#8221; woodmart_css_id=&#8221;6655d4960dcbb&#8221; responsive_spacing=&#8221;eyJwYXJhbV90eXBlIjoid29vZG1hcnRfcmVzcG9uc2l2ZV9zcGFjaW5nIiwic2VsZWN0b3JfaWQiOiI2NjU1ZDQ5NjBkY2JiIiwic2hvcnRjb2RlIjoidmNfcm93IiwiZGF0YSI6eyJ0YWJsZXQiOnt9LCJtb2JpbGUiOnt9fX0=&#8221; mobile_bg_img_hidden=&#8221;no&#8221; tablet_bg_img_hidden=&#8221;no&#8221; woodmart_parallax=&#8221;0&#8243; woodmart_gradient_switch=&#8221;no&#8221; woodmart_box_shadow=&#8221;no&#8221; wd_z_index=&#8221;no&#8221; woodmart_disable_overflow=&#8221;0&#8243; row_reverse_mobile=&#8221;0&#8243; row_reverse_tablet=&#8221;0&#8243;][vc_column width=&#8221;1\/6&#8243;][\/vc_column][vc_column width=&#8221;2\/3&#8243;][vc_column_text css=&#8221;&#8221; woodmart_inline=&#8221;no&#8221;<\/p>\n","protected":false},"author":1,"featured_media":0,"parent":0,"menu_order":0,"comment_status":"closed","ping_status":"closed","template":"","meta":{"_joinchat":[],"footnotes":""},"class_list":["post-436","page","type-page","status-publish","hentry"],"yoast_head":"<!-- This site is optimized with the Yoast SEO plugin v24.9 - https:\/\/yoast.com\/wordpress\/plugins\/seo\/ -->\n<title>Declaraci\u00f3n de accesibilidad del portal web - Witsalon<\/title>\n<meta name=\"robots\" content=\"index, follow, max-snippet:-1, max-image-preview:large, max-video-preview:-1\" \/>\n<link rel=\"canonical\" href=\"https:\/\/witsalon.com\/en\/declaracion-de-accesibilidad\/\" \/>\n<meta property=\"og:locale\" content=\"en_US\" \/>\n<meta property=\"og:type\" content=\"article\" \/>\n<meta property=\"og:title\" content=\"Declaraci\u00f3n de accesibilidad del portal web - Witsalon\" \/>\n<meta property=\"og:description\" content=\"[vc_row full_width=&#8221;stretch_row&#8221; css=&#8221;.vc_custom_1716901028558{background-color: #a5e3e1 !important;}&#8221; woodmart_css_id=&#8221;6655d4960dcbb&#8221; responsive_spacing=&#8221;eyJwYXJhbV90eXBlIjoid29vZG1hcnRfcmVzcG9uc2l2ZV9zcGFjaW5nIiwic2VsZWN0b3JfaWQiOiI2NjU1ZDQ5NjBkY2JiIiwic2hvcnRjb2RlIjoidmNfcm93IiwiZGF0YSI6eyJ0YWJsZXQiOnt9LCJtb2JpbGUiOnt9fX0=&#8221; mobile_bg_img_hidden=&#8221;no&#8221; tablet_bg_img_hidden=&#8221;no&#8221; woodmart_parallax=&#8221;0&#8243; woodmart_gradient_switch=&#8221;no&#8221; woodmart_box_shadow=&#8221;no&#8221; wd_z_index=&#8221;no&#8221; woodmart_disable_overflow=&#8221;0&#8243; row_reverse_mobile=&#8221;0&#8243; row_reverse_tablet=&#8221;0&#8243;][vc_column width=&#8221;1\/6&#8243;][\/vc_column][vc_column width=&#8221;2\/3&#8243;][vc_column_text css=&#8221;&#8221; woodmart_inline=&#8221;no&#8221;\" \/>\n<meta property=\"og:url\" content=\"https:\/\/witsalon.com\/en\/declaracion-de-accesibilidad\/\" \/>\n<meta property=\"og:site_name\" content=\"Witsalon\" \/>\n<meta name=\"twitter:card\" content=\"summary_large_image\" \/>\n<meta name=\"twitter:label1\" content=\"Est. reading time\" \/>\n\t<meta name=\"twitter:data1\" content=\"2 minutes\" \/>\n<script type=\"application\/ld+json\" class=\"yoast-schema-graph\">{\"@context\":\"https:\/\/schema.org\",\"@graph\":[{\"@type\":\"WebPage\",\"@id\":\"https:\/\/witsalon.com\/en\/declaracion-de-accesibilidad\/\",\"url\":\"https:\/\/witsalon.com\/en\/declaracion-de-accesibilidad\/\",\"name\":\"Declaraci\u00f3n de accesibilidad del portal web - Witsalon\",\"isPartOf\":{\"@id\":\"https:\/\/witsalon.com\/en\/#website\"},\"datePublished\":\"2024-05-28T15:42:44+00:00\",\"breadcrumb\":{\"@id\":\"https:\/\/witsalon.com\/en\/declaracion-de-accesibilidad\/#breadcrumb\"},\"inLanguage\":\"en-US\",\"potentialAction\":[{\"@type\":\"ReadAction\",\"target\":[\"https:\/\/witsalon.com\/en\/declaracion-de-accesibilidad\/\"]}]},{\"@type\":\"BreadcrumbList\",\"@id\":\"https:\/\/witsalon.com\/en\/declaracion-de-accesibilidad\/#breadcrumb\",\"itemListElement\":[{\"@type\":\"ListItem\",\"position\":1,\"name\":\"Portada\",\"item\":\"https:\/\/witsalon.com\/en\/\"},{\"@type\":\"ListItem\",\"position\":2,\"name\":\"Declaraci\u00f3n de accesibilidad del portal web\"}]},{\"@type\":\"WebSite\",\"@id\":\"https:\/\/witsalon.com\/en\/#website\",\"url\":\"https:\/\/witsalon.com\/en\/\",\"name\":\"Witsalon\",\"description\":\"Your International Hair Salon in Barcelona\",\"potentialAction\":[{\"@type\":\"SearchAction\",\"target\":{\"@type\":\"EntryPoint\",\"urlTemplate\":\"https:\/\/witsalon.com\/en\/?s={search_term_string}\"},\"query-input\":{\"@type\":\"PropertyValueSpecification\",\"valueRequired\":true,\"valueName\":\"search_term_string\"}}],\"inLanguage\":\"en-US\"}]}<\/script>\n<!-- \/ Yoast SEO plugin. -->","yoast_head_json":{"title":"Declaraci\u00f3n de accesibilidad del portal web - Witsalon","robots":{"index":"index","follow":"follow","max-snippet":"max-snippet:-1","max-image-preview":"max-image-preview:large","max-video-preview":"max-video-preview:-1"},"canonical":"https:\/\/witsalon.com\/en\/declaracion-de-accesibilidad\/","og_locale":"en_US","og_type":"article","og_title":"Declaraci\u00f3n de accesibilidad del portal web - Witsalon","og_description":"[vc_row full_width=&#8221;stretch_row&#8221; css=&#8221;.vc_custom_1716901028558{background-color: #a5e3e1 !important;}&#8221; woodmart_css_id=&#8221;6655d4960dcbb&#8221; responsive_spacing=&#8221;eyJwYXJhbV90eXBlIjoid29vZG1hcnRfcmVzcG9uc2l2ZV9zcGFjaW5nIiwic2VsZWN0b3JfaWQiOiI2NjU1ZDQ5NjBkY2JiIiwic2hvcnRjb2RlIjoidmNfcm93IiwiZGF0YSI6eyJ0YWJsZXQiOnt9LCJtb2JpbGUiOnt9fX0=&#8221; mobile_bg_img_hidden=&#8221;no&#8221; tablet_bg_img_hidden=&#8221;no&#8221; woodmart_parallax=&#8221;0&#8243; woodmart_gradient_switch=&#8221;no&#8221; woodmart_box_shadow=&#8221;no&#8221; wd_z_index=&#8221;no&#8221; woodmart_disable_overflow=&#8221;0&#8243; row_reverse_mobile=&#8221;0&#8243; row_reverse_tablet=&#8221;0&#8243;][vc_column width=&#8221;1\/6&#8243;][\/vc_column][vc_column width=&#8221;2\/3&#8243;][vc_column_text css=&#8221;&#8221; woodmart_inline=&#8221;no&#8221;","og_url":"https:\/\/witsalon.com\/en\/declaracion-de-accesibilidad\/","og_site_name":"Witsalon","twitter_card":"summary_large_image","twitter_misc":{"Est. reading time":"2 minutes"},"schema":{"@context":"https:\/\/schema.org","@graph":[{"@type":"WebPage","@id":"https:\/\/witsalon.com\/en\/declaracion-de-accesibilidad\/","url":"https:\/\/witsalon.com\/en\/declaracion-de-accesibilidad\/","name":"Declaraci\u00f3n de accesibilidad del portal web - Witsalon","isPartOf":{"@id":"https:\/\/witsalon.com\/en\/#website"},"datePublished":"2024-05-28T15:42:44+00:00","breadcrumb":{"@id":"https:\/\/witsalon.com\/en\/declaracion-de-accesibilidad\/#breadcrumb"},"inLanguage":"en-US","potentialAction":[{"@type":"ReadAction","target":["https:\/\/witsalon.com\/en\/declaracion-de-accesibilidad\/"]}]},{"@type":"BreadcrumbList","@id":"https:\/\/witsalon.com\/en\/declaracion-de-accesibilidad\/#breadcrumb","itemListElement":[{"@type":"ListItem","position":1,"name":"Portada","item":"https:\/\/witsalon.com\/en\/"},{"@type":"ListItem","position":2,"name":"Declaraci\u00f3n de accesibilidad del portal web"}]},{"@type":"WebSite","@id":"https:\/\/witsalon.com\/en\/#website","url":"https:\/\/witsalon.com\/en\/","name":"Witsalon","description":"Your International Hair Salon in Barcelona","potentialAction":[{"@type":"SearchAction","target":{"@type":"EntryPoint","urlTemplate":"https:\/\/witsalon.com\/en\/?s={search_term_string}"},"query-input":{"@type":"PropertyValueSpecification","valueRequired":true,"valueName":"search_term_string"}}],"inLanguage":"en-US"}]}},"_links":{"self":[{"href":"https:\/\/witsalon.com\/en\/wp-json\/wp\/v2\/pages\/436","targetHints":{"allow":["GET"]}}],"collection":[{"href":"https:\/\/witsalon.com\/en\/wp-json\/wp\/v2\/pages"}],"about":[{"href":"https:\/\/witsalon.com\/en\/wp-json\/wp\/v2\/types\/page"}],"author":[{"embeddable":true,"href":"https:\/\/witsalon.com\/en\/wp-json\/wp\/v2\/users\/1"}],"replies":[{"embeddable":true,"href":"https:\/\/witsalon.com\/en\/wp-json\/wp\/v2\/comments?post=436"}],"version-history":[{"count":0,"href":"https:\/\/witsalon.com\/en\/wp-json\/wp\/v2\/pages\/436\/revisions"}],"wp:attachment":[{"href":"https:\/\/witsalon.com\/en\/wp-json\/wp\/v2\/media?parent=436"}],"curies":[{"name":"wp","href":"https:\/\/api.w.org\/{rel}","templated":true}]}}