{"id":437,"date":"2024-05-17T11:35:49","date_gmt":"2024-05-17T11:35:49","guid":{"rendered":"https:\/\/witsalon.com\/politica-cookies\/"},"modified":"2024-05-17T11:35:49","modified_gmt":"2024-05-17T11:35:49","slug":"politica-cookies","status":"publish","type":"page","link":"https:\/\/witsalon.com\/en\/politica-cookies\/","title":{"rendered":"Pol\u00edtica de cookies"},"content":{"rendered":"<div class=\"wpb-content-wrapper\"><p>[vc_row full_width=&#8221;stretch_row&#8221; css=&#8221;.vc_custom_1716911306214{background-color: #a5e3e1 !important;}&#8221; woodmart_css_id=&#8221;6655fcc3ebc24&#8243; responsive_spacing=&#8221;eyJwYXJhbV90eXBlIjoid29vZG1hcnRfcmVzcG9uc2l2ZV9zcGFjaW5nIiwic2VsZWN0b3JfaWQiOiI2NjU1ZmNjM2ViYzI0Iiwic2hvcnRjb2RlIjoidmNfcm93IiwiZGF0YSI6eyJ0YWJsZXQiOnt9LCJtb2JpbGUiOnt9fX0=&#8221; mobile_bg_img_hidden=&#8221;no&#8221; tablet_bg_img_hidden=&#8221;no&#8221; woodmart_parallax=&#8221;0&#8243; woodmart_gradient_switch=&#8221;no&#8221; woodmart_box_shadow=&#8221;no&#8221; wd_z_index=&#8221;no&#8221; woodmart_disable_overflow=&#8221;0&#8243; row_reverse_mobile=&#8221;0&#8243; row_reverse_tablet=&#8221;0&#8243;][vc_column width=&#8221;1\/6&#8243;][\/vc_column][vc_column width=&#8221;2\/3&#8243;][vc_column_text css=&#8221;&#8221; woodmart_inline=&#8221;no&#8221; text_larger=&#8221;no&#8221;]<\/p>\n<h1 style=\"font-size: 44px; color: #f29163;\">Politica de Cookies<\/h1>\n<h2 style=\"white-space: pre-wrap; color: #f29163; font-size: 30px;\">\u00bfQu\u00e9 es una cookie?<\/h2>\n<p>Las cookies son ficheros que se almacenan en el ordenador del usuario que navega a trav\u00e9s de Internet y que, en particular, contiene un n\u00famero que permite identificar un\u00edvocamente el ordenador del usuario, aunque \u00e9ste cambie de localizaci\u00f3n o de direcci\u00f3n IP.<\/p>\n<p>Las cookies son instaladas durante la navegaci\u00f3n por Internet, bien por los sitios web que visita el usuario o bien por terceros con los que se relaciona el sitio web, y permiten a \u00e9ste conocer su actividad en el mismo sitio o en otros con los que se relaciona \u00e9ste, por ejemplo: el lugar desde el que accede, el tiempo de conexi\u00f3n, el dispositivo desde el que accede (fijo o m\u00f3vil), el sistema operativo y navegador utilizados, las p\u00e1ginas m\u00e1s visitadas, el n\u00famero de clicks realizados y de datos respecto al comportamiento del usuario en Internet.<\/p>\n<p>El sitio\u00a0<a style=\"color: #f29163; text-decoration: underline dotted;\" href=\"http:\/\/www.witsalon.com\/es\/\">www.witsalon.com<\/a>\u00a0es accesible sin necesidad de que las cookies est\u00e9n activadas, si bien, su desactivaci\u00f3n puede impedir el correcto funcionamiento del mismo.<\/p>\n<h2 style=\"white-space: pre-wrap; color: #f29163; font-size: 30px;\">\u00bfQu\u00e9 NO es una cookie?<\/h2>\n<p>No es un virus, ni un troyano, ni un gusano, ni spam, ni spyware, ni abre ventanas pop-up.<\/p>\n<h2 style=\"white-space: pre-wrap; color: #f29163; font-size: 30px;\">\u00bfQu\u00e9 informaci\u00f3n almacena una cookie?<\/h2>\n<p class=\"\" style=\"white-space: pre-wrap;\">Estas cookies no almacenan informaci\u00f3n sensible sobre Vd. como tarjetas de cr\u00e9dito o datos bancarios, fotograf\u00edas o informaci\u00f3n personal, etc. Es decir, todos los datos recopilados por estas son de car\u00e1cter t\u00e9cnico, estad\u00edstico, preferencias personales, personalizaci\u00f3n de contenidos, etc.<\/p>\n<h2 style=\"white-space: pre-wrap; color: #f29163; font-size: 30px;\">Autorizaci\u00f3n para el uso de cookies<\/h2>\n<p class=\"\" style=\"white-space: pre-wrap;\">De conformidad con el aviso de cookies que aparece en el pie de p\u00e1gina del sitio web, el usuario o visitante de los mismos acepta que, al navegar por el mismo, consiente expresamente el uso de cookies seg\u00fan la descripci\u00f3n que se detalla a continuaci\u00f3n, excepto en la medida que haya modificado la configuraci\u00f3n de su navegador para rechazar la utilizaci\u00f3n de las mismas.<\/p>\n<h2 style=\"white-space: pre-wrap; color: #f29163; font-size: 30px;\">\u00bfQu\u00e9 tipo de cookies existen?<\/h2>\n<ul>\n<li><strong>Cookies t\u00e9cnicas.<\/strong>\u00a0Son las m\u00e1s elementales. Permiten saber cu\u00e1ndo est\u00e1 navegando una persona o una aplicaci\u00f3n automatizada, cu\u00e1ndo navega un usuario an\u00f3nimo o uno registrado y tareas b\u00e1sicas para el funcionamiento de cualquier web din\u00e1mica.<\/li>\n<li><strong>Cookies de an\u00e1lisis.<\/strong>\u00a0Recogen informaci\u00f3n sobre el tipo de navegaci\u00f3n que se est\u00e1 realizando, las secciones que m\u00e1s se utilizan, los productos consultados, la franja horaria de uso, el idioma, etc.<\/li>\n<li><strong>Cookies publicitarias.<\/strong>\u00a0Muestran publicidad en funci\u00f3n de la navegaci\u00f3n, el pa\u00eds de procedencia, idioma, etc.<\/li>\n<\/ul>\n<h2 style=\"white-space: pre-wrap; color: #f29163; font-size: 30px;\">\u00bfQu\u00e9 son las cookies propias y las de terceros?<\/h2>\n<p class=\"\" style=\"white-space: pre-wrap;\">Las cookies propias son las generadas por la p\u00e1gina que est\u00e1 visitando y las de terceros son las generadas por servicios o proveedores externos como Mailchimp, Linkedin, Twitter, Google Analytics, etc.<\/p>\n<h2 style=\"white-space: pre-wrap; color: #f29163; font-size: 30px;\">\u00bfQu\u00e9 cookies utiliza esta web?<\/h2>\n<p>En el sitio web\u00a0<a style=\"color: #f29163; text-decoration: underline dotted;\" href=\"http:\/\/www.witsalon.com\/\">www.witsalon.com<\/a>\u00a0utilizamos coockies propias y de terceros.<\/p>\n<h2 style=\"white-space: pre-wrap; color: #f29163; font-size: 30px;\">Cookies propias<\/h2>\n<ul>\n<li><strong>Inicio de sesi\u00f3n.<\/strong> Le permiten entrar y salir de su cuenta de\u00a0<strong>Witsalon<\/strong>.<\/li>\n<li><strong>Personalizaci\u00f3n.<\/strong>\u00a0Nos ayudan a recordar con qu\u00e9 personas o sitios web Vd. ha interactuado, para que podamos mostrarle contenido relacionado y de inter\u00e9s.<\/li>\n<li><strong>Preferencias.<\/strong>\u00a0Nos permite recordar sus ajustes y preferencias, como el idioma preferido y su configuraci\u00f3n de privacidad.<\/li>\n<li><strong>Seguridad.<\/strong> Las utilizamos para evitar riesgos de seguridad. Principalmente para detectar cu\u00e1ndo alguien est\u00e1 intentando utilizar fraudulentamente su cuenta de\u00a0<strong>Witsalon<\/strong>.<\/li>\n<\/ul>\n<h2 style=\"white-space: pre-wrap; color: #f29163; font-size: 30px;\">Cookies de terceros<\/h2>\n<p>En esta web utilizamos servicios de an\u00e1lisis, concretamente,\u00a0<strong>Google Analytics<\/strong>\u00a0para ayudar en el an\u00e1lisis que hacen los usuarios del sitio web y mejorar la usabilidad del mismo. En ning\u00fan caso se asocian a datos que pudieran llegar a identificar al usuario.<\/p>\n<p>Google Analytics, es un servicio anal\u00edtico de web prestado por Google, Inc., como usuario puedes consultar\u00a0<a style=\"color: #f29163; text-decoration: underline dotted;\" href=\"https:\/\/www.google.es\/intl\/es\/policies\/technologies\/types\/\">aqu\u00ed<\/a>\u00a0el tipo de cookies utilizadas por Google.<\/p>\n<p><strong>Witsalon, SCP<\/strong>\u00a0es usuario de la plataforma de suministro y alojamiento de blogs\u00a0<strong>WordPress<\/strong>, propiedad de la empresa norteamericana Automattic, Inc. El uso de las cookies generadas por esta plataforma WordPress nunca est\u00e1n bajo control o gesti\u00f3n del responsable del sitio web\u00a0<a style=\"color: #f29163; text-decoration: underline dotted;\" href=\"http:\/\/www.witsalon.com\/\">www.witsalon.com<\/a>, pudiendo cambiar su funci\u00f3n en cualquier momento.<\/p>\n<p>Automattic, Inc., utiliza adem\u00e1s otras cookies con para ayudar a identificar y rastrear a los visitantes de los sitios de\u00a0<strong>WordPress<\/strong>, conocer el uso que hacen del sitio web de Automattic, as\u00ed como sus preferencias de acceso al mismo, tal y como se recoge en el apartado \u201cCookies\u201d de su pol\u00edtica de privacidad.<\/p>\n<p>Las<strong>\u00a0cookies de redes sociales<\/strong>\u00a0pueden almacenarse en su navegador mientras visita web o cuando utiliza el bot\u00f3n de compartir contenidos de\u00a0<a style=\"color: #f29163; text-decoration: underline dotted;\" href=\"http:\/\/www.witsalon.com\/\">www.witsalon.com<\/a>\u00a0en alguna red social.<\/p>\n<p>Esta es la informaci\u00f3n sobre las cookies de las redes sociales que utiliza nuestra web en nuestras propias pol\u00edticas de cookies:<\/p>\n<ul>\n<li><a style=\"color: #f29163; text-decoration: underline dotted;\" href=\"https:\/\/twitter.com\/privacy\">Pol\u00edtica de cookies de Twitter<\/a><a style=\"color: #f29163; text-decoration: underline dotted;\" href=\"http:\/\/www.google.com\/intl\/es\/policies\/technologies\/types\/\">\u00a0<\/a><\/li>\n<li><a style=\"color: #f29163; text-decoration: underline dotted;\" href=\"https:\/\/www.linkedin.com\/legal\/cookie-policy?trk=hp-cookies\">Pol\u00edtica de cookies de Linkedin<\/a><\/li>\n<\/ul>\n<p>&nbsp;<\/p>\n<h2 style=\"white-space: pre-wrap; color: #f29163; font-size: 30px;\">\u00bfPueden eliminarse las cookies?<\/h2>\n<p>Las cookies pueden eliminarse, bloquearse, de forma general o particular para un dominio espec\u00edfico.<\/p>\n<p>As\u00ed pues, para eliminar las cookies de un sitio web debes ir a la configuraci\u00f3n de su navegador y all\u00ed podr\u00e1s buscar las asociadas al dominio en cuesti\u00f3n y proceder a su eliminaci\u00f3n. Si quieres eliminar las cookies de tu navegador, dir\u00edgete a:<\/p>\n<ul>\n<li>Configuraci\u00f3n de cookies para\u00a0<a style=\"color: #f29163; text-decoration: underline dotted;\" href=\"http:\/\/support.google.com\/chrome\/bin\/answer.py?hl=es&amp;answer=95647\">Google Chrome<\/a><\/li>\n<li>Configuraci\u00f3n de cookies para\u00a0<a style=\"color: #f29163; text-decoration: underline dotted;\" href=\"https:\/\/support.apple.com\/es-es\/HT201265\">Apple Safari<\/a><\/li>\n<li>Configuraci\u00f3n de cookies para\u00a0<a style=\"color: #f29163; text-decoration: underline dotted;\" href=\"https:\/\/support.microsoft.com\/en-us\/help\/17442\/windows-internet-explorer-delete-manage-cookies#ie=ie-10\">Internet Explorer<\/a><\/li>\n<li>Configuraci\u00f3n de cookies para\u00a0<a style=\"color: #f29163; text-decoration: underline dotted;\" href=\"https:\/\/support.mozilla.org\/es\/kb\/habilitar-y-deshabilitar-cookies-sitios-web-rastrear-preferencias?redirectlocale=es&amp;redirectslug=habilitar-y-deshabilitar-cookies-que-los-sitios-we\">Mozilla Firefox<\/a><\/li>\n<\/ul>\n<h2 style=\"white-space: pre-wrap; color: #f29163; font-size: 30px;\">M\u00e1s informaci\u00f3n sobre las cookies<\/h2>\n<p>Puedes consultar el reglamento sobre cookies publicado por la Agencia Espa\u00f1ola de Protecci\u00f3n de Datos en su \u201cGu\u00eda sobre el uso de las cookies\u201d y obtener m\u00e1s informaci\u00f3n sobre las cookies en Internet,\u00a0<a href=\"http:\/\/www.aboutcookies.org\/ style=\">http:\/\/www.aboutcookies.org\/<\/a><\/p>\n<p>Si deseas tener un mayor control sobre la instalaci\u00f3n de cookies, te recomendamos instalar programas o complementos a tu navegador, conocidos como herramientas de \u201cDo Not Track\u201d, que te permitir\u00e1n escoger aquellas cookies que deseas permitir.<\/p>\n<p>Desde\u00a0<a style=\"color: #f29163; text-decoration: underline dotted;\" href=\"https:\/\/www.witsalon.com\/es\/\">Witsalon<\/a>\u00a0le agradecemos el tiempo que Vd. ha dedicado al leer esta Pol\u00edtica de Cookies.<\/p>\n<h2 style=\"white-space: pre-wrap; color: #f29163; font-size: 30px;\">Cookies utilizadas en witsalon.com<\/h2>\n<p>A continuacio\u0301n se identifican las cookies que esta\u0301n siendo utilizadas en este portal asi\u0301 como su tipologi\u0301a y funcio\u0301n:<\/p>\n<p>Con el fin de mejorar los servicios que prestamos\/ la oferta de nuestros productos, hacemos uso del servicio anal\u00edtica web de Gloogle Inc.: Google analytics, que nos permite realizar un seguimiento ANONIMO de las acciones de un usuario en nuestra web.<\/p>\n<p>Las cookies que se instalan al hacer uso del servicio de google analytics son:<\/p>\n<div class=\"cky-audit-table-element\"><\/div>\n<p>[\/vc_column_text][\/vc_column][vc_column width=&#8221;1\/6&#8243;][\/vc_column][\/vc_row]<\/p>\n<\/div>","protected":false},"excerpt":{"rendered":"<p>[vc_row full_width=&#8221;stretch_row&#8221; css=&#8221;.vc_custom_1716911306214{background-color: #a5e3e1 !important;}&#8221; woodmart_css_id=&#8221;6655fcc3ebc24&#8243; responsive_spacing=&#8221;eyJwYXJhbV90eXBlIjoid29vZG1hcnRfcmVzcG9uc2l2ZV9zcGFjaW5nIiwic2VsZWN0b3JfaWQiOiI2NjU1ZmNjM2ViYzI0Iiwic2hvcnRjb2RlIjoidmNfcm93IiwiZGF0YSI6eyJ0YWJsZXQiOnt9LCJtb2JpbGUiOnt9fX0=&#8221; mobile_bg_img_hidden=&#8221;no&#8221; tablet_bg_img_hidden=&#8221;no&#8221; woodmart_parallax=&#8221;0&#8243; woodmart_gradient_switch=&#8221;no&#8221; woodmart_box_shadow=&#8221;no&#8221; wd_z_index=&#8221;no&#8221; woodmart_disable_overflow=&#8221;0&#8243; row_reverse_mobile=&#8221;0&#8243; row_reverse_tablet=&#8221;0&#8243;][vc_column width=&#8221;1\/6&#8243;][\/vc_column][vc_column width=&#8221;2\/3&#8243;][vc_column_text css=&#8221;&#8221; woodmart_inline=&#8221;no&#8221;<\/p>\n","protected":false},"author":1,"featured_media":0,"parent":0,"menu_order":0,"comment_status":"closed","ping_status":"closed","template":"","meta":{"_joinchat":[],"footnotes":""},"class_list":["post-437","page","type-page","status-publish","hentry"],"yoast_head":"<!-- This site is optimized with the Yoast SEO plugin v24.9 - https:\/\/yoast.com\/wordpress\/plugins\/seo\/ -->\n<title>Pol\u00edtica de cookies - Witsalon<\/title>\n<meta name=\"robots\" content=\"index, follow, max-snippet:-1, max-image-preview:large, max-video-preview:-1\" \/>\n<link rel=\"canonical\" href=\"https:\/\/witsalon.com\/en\/politica-cookies\/\" \/>\n<meta property=\"og:locale\" content=\"en_US\" \/>\n<meta property=\"og:type\" content=\"article\" \/>\n<meta property=\"og:title\" content=\"Pol\u00edtica de cookies - Witsalon\" \/>\n<meta property=\"og:description\" content=\"[vc_row full_width=&#8221;stretch_row&#8221; css=&#8221;.vc_custom_1716911306214{background-color: #a5e3e1 !important;}&#8221; woodmart_css_id=&#8221;6655fcc3ebc24&#8243; responsive_spacing=&#8221;eyJwYXJhbV90eXBlIjoid29vZG1hcnRfcmVzcG9uc2l2ZV9zcGFjaW5nIiwic2VsZWN0b3JfaWQiOiI2NjU1ZmNjM2ViYzI0Iiwic2hvcnRjb2RlIjoidmNfcm93IiwiZGF0YSI6eyJ0YWJsZXQiOnt9LCJtb2JpbGUiOnt9fX0=&#8221; mobile_bg_img_hidden=&#8221;no&#8221; tablet_bg_img_hidden=&#8221;no&#8221; woodmart_parallax=&#8221;0&#8243; woodmart_gradient_switch=&#8221;no&#8221; woodmart_box_shadow=&#8221;no&#8221; wd_z_index=&#8221;no&#8221; woodmart_disable_overflow=&#8221;0&#8243; row_reverse_mobile=&#8221;0&#8243; row_reverse_tablet=&#8221;0&#8243;][vc_column width=&#8221;1\/6&#8243;][\/vc_column][vc_column width=&#8221;2\/3&#8243;][vc_column_text css=&#8221;&#8221; woodmart_inline=&#8221;no&#8221;\" \/>\n<meta property=\"og:url\" content=\"https:\/\/witsalon.com\/en\/politica-cookies\/\" \/>\n<meta property=\"og:site_name\" content=\"Witsalon\" \/>\n<meta name=\"twitter:card\" content=\"summary_large_image\" \/>\n<meta name=\"twitter:label1\" content=\"Est. reading time\" \/>\n\t<meta name=\"twitter:data1\" content=\"6 minutes\" \/>\n<script type=\"application\/ld+json\" class=\"yoast-schema-graph\">{\"@context\":\"https:\/\/schema.org\",\"@graph\":[{\"@type\":\"WebPage\",\"@id\":\"https:\/\/witsalon.com\/en\/politica-cookies\/\",\"url\":\"https:\/\/witsalon.com\/en\/politica-cookies\/\",\"name\":\"Pol\u00edtica de cookies - Witsalon\",\"isPartOf\":{\"@id\":\"https:\/\/witsalon.com\/en\/#website\"},\"datePublished\":\"2024-05-17T11:35:49+00:00\",\"breadcrumb\":{\"@id\":\"https:\/\/witsalon.com\/en\/politica-cookies\/#breadcrumb\"},\"inLanguage\":\"en-US\",\"potentialAction\":[{\"@type\":\"ReadAction\",\"target\":[\"https:\/\/witsalon.com\/en\/politica-cookies\/\"]}]},{\"@type\":\"BreadcrumbList\",\"@id\":\"https:\/\/witsalon.com\/en\/politica-cookies\/#breadcrumb\",\"itemListElement\":[{\"@type\":\"ListItem\",\"position\":1,\"name\":\"Portada\",\"item\":\"https:\/\/witsalon.com\/en\/\"},{\"@type\":\"ListItem\",\"position\":2,\"name\":\"Pol\u00edtica de cookies\"}]},{\"@type\":\"WebSite\",\"@id\":\"https:\/\/witsalon.com\/en\/#website\",\"url\":\"https:\/\/witsalon.com\/en\/\",\"name\":\"Witsalon\",\"description\":\"Your International Hair Salon in Barcelona\",\"potentialAction\":[{\"@type\":\"SearchAction\",\"target\":{\"@type\":\"EntryPoint\",\"urlTemplate\":\"https:\/\/witsalon.com\/en\/?s={search_term_string}\"},\"query-input\":{\"@type\":\"PropertyValueSpecification\",\"valueRequired\":true,\"valueName\":\"search_term_string\"}}],\"inLanguage\":\"en-US\"}]}<\/script>\n<!-- \/ Yoast SEO plugin. -->","yoast_head_json":{"title":"Pol\u00edtica de cookies - Witsalon","robots":{"index":"index","follow":"follow","max-snippet":"max-snippet:-1","max-image-preview":"max-image-preview:large","max-video-preview":"max-video-preview:-1"},"canonical":"https:\/\/witsalon.com\/en\/politica-cookies\/","og_locale":"en_US","og_type":"article","og_title":"Pol\u00edtica de cookies - Witsalon","og_description":"[vc_row full_width=&#8221;stretch_row&#8221; css=&#8221;.vc_custom_1716911306214{background-color: #a5e3e1 !important;}&#8221; woodmart_css_id=&#8221;6655fcc3ebc24&#8243; responsive_spacing=&#8221;eyJwYXJhbV90eXBlIjoid29vZG1hcnRfcmVzcG9uc2l2ZV9zcGFjaW5nIiwic2VsZWN0b3JfaWQiOiI2NjU1ZmNjM2ViYzI0Iiwic2hvcnRjb2RlIjoidmNfcm93IiwiZGF0YSI6eyJ0YWJsZXQiOnt9LCJtb2JpbGUiOnt9fX0=&#8221; mobile_bg_img_hidden=&#8221;no&#8221; tablet_bg_img_hidden=&#8221;no&#8221; woodmart_parallax=&#8221;0&#8243; woodmart_gradient_switch=&#8221;no&#8221; woodmart_box_shadow=&#8221;no&#8221; wd_z_index=&#8221;no&#8221; woodmart_disable_overflow=&#8221;0&#8243; row_reverse_mobile=&#8221;0&#8243; row_reverse_tablet=&#8221;0&#8243;][vc_column width=&#8221;1\/6&#8243;][\/vc_column][vc_column width=&#8221;2\/3&#8243;][vc_column_text css=&#8221;&#8221; woodmart_inline=&#8221;no&#8221;","og_url":"https:\/\/witsalon.com\/en\/politica-cookies\/","og_site_name":"Witsalon","twitter_card":"summary_large_image","twitter_misc":{"Est. reading time":"6 minutes"},"schema":{"@context":"https:\/\/schema.org","@graph":[{"@type":"WebPage","@id":"https:\/\/witsalon.com\/en\/politica-cookies\/","url":"https:\/\/witsalon.com\/en\/politica-cookies\/","name":"Pol\u00edtica de cookies - Witsalon","isPartOf":{"@id":"https:\/\/witsalon.com\/en\/#website"},"datePublished":"2024-05-17T11:35:49+00:00","breadcrumb":{"@id":"https:\/\/witsalon.com\/en\/politica-cookies\/#breadcrumb"},"inLanguage":"en-US","potentialAction":[{"@type":"ReadAction","target":["https:\/\/witsalon.com\/en\/politica-cookies\/"]}]},{"@type":"BreadcrumbList","@id":"https:\/\/witsalon.com\/en\/politica-cookies\/#breadcrumb","itemListElement":[{"@type":"ListItem","position":1,"name":"Portada","item":"https:\/\/witsalon.com\/en\/"},{"@type":"ListItem","position":2,"name":"Pol\u00edtica de cookies"}]},{"@type":"WebSite","@id":"https:\/\/witsalon.com\/en\/#website","url":"https:\/\/witsalon.com\/en\/","name":"Witsalon","description":"Your International Hair Salon in Barcelona","potentialAction":[{"@type":"SearchAction","target":{"@type":"EntryPoint","urlTemplate":"https:\/\/witsalon.com\/en\/?s={search_term_string}"},"query-input":{"@type":"PropertyValueSpecification","valueRequired":true,"valueName":"search_term_string"}}],"inLanguage":"en-US"}]}},"_links":{"self":[{"href":"https:\/\/witsalon.com\/en\/wp-json\/wp\/v2\/pages\/437","targetHints":{"allow":["GET"]}}],"collection":[{"href":"https:\/\/witsalon.com\/en\/wp-json\/wp\/v2\/pages"}],"about":[{"href":"https:\/\/witsalon.com\/en\/wp-json\/wp\/v2\/types\/page"}],"author":[{"embeddable":true,"href":"https:\/\/witsalon.com\/en\/wp-json\/wp\/v2\/users\/1"}],"replies":[{"embeddable":true,"href":"https:\/\/witsalon.com\/en\/wp-json\/wp\/v2\/comments?post=437"}],"version-history":[{"count":0,"href":"https:\/\/witsalon.com\/en\/wp-json\/wp\/v2\/pages\/437\/revisions"}],"wp:attachment":[{"href":"https:\/\/witsalon.com\/en\/wp-json\/wp\/v2\/media?parent=437"}],"curies":[{"name":"wp","href":"https:\/\/api.w.org\/{rel}","templated":true}]}}