{"id":438,"date":"2024-05-16T09:11:49","date_gmt":"2024-05-16T09:11:49","guid":{"rendered":"https:\/\/witsalon.com\/aviso-legal\/"},"modified":"2024-05-16T09:11:49","modified_gmt":"2024-05-16T09:11:49","slug":"aviso-legal","status":"publish","type":"page","link":"https:\/\/witsalon.com\/en\/aviso-legal\/","title":{"rendered":"Legal"},"content":{"rendered":"<div class=\"wpb-content-wrapper\"><p>[vc_row full_width=&#8221;stretch_row&#8221; css=&#8221;.vc_custom_1716911306214{background-color: #a5e3e1 !important;}&#8221; woodmart_css_id=&#8221;6655fcc3ebc24&#8243; responsive_spacing=&#8221;eyJwYXJhbV90eXBlIjoid29vZG1hcnRfcmVzcG9uc2l2ZV9zcGFjaW5nIiwic2VsZWN0b3JfaWQiOiI2NjU1ZmNjM2ViYzI0Iiwic2hvcnRjb2RlIjoidmNfcm93IiwiZGF0YSI6eyJ0YWJsZXQiOnt9LCJtb2JpbGUiOnt9fX0=&#8221; mobile_bg_img_hidden=&#8221;no&#8221; tablet_bg_img_hidden=&#8221;no&#8221; woodmart_parallax=&#8221;0&#8243; woodmart_gradient_switch=&#8221;no&#8221; woodmart_box_shadow=&#8221;no&#8221; wd_z_index=&#8221;no&#8221; woodmart_disable_overflow=&#8221;0&#8243; row_reverse_mobile=&#8221;0&#8243; row_reverse_tablet=&#8221;0&#8243;][vc_column width=&#8221;1\/6&#8243;][\/vc_column][vc_column width=&#8221;2\/3&#8243;][vc_column_text css=&#8221;&#8221; woodmart_inline=&#8221;no&#8221; text_larger=&#8221;no&#8221;]<\/p>\n<h1 style=\"font-size: 44px; color: #f29163;\">Aviso Legal<\/h1>\n<h2 style=\"white-space: pre-wrap; color: #f29163; font-size: 30px;\">Datos del Responsable<\/h2>\n<ul data-rte-list=\"default\">\n<li>\n<p class=\"\" style=\"white-space: pre-wrap;\"><strong>Identidad del Responsable:<\/strong> Emma Kareliussen<\/p>\n<\/li>\n<li>\n<p class=\"\" style=\"white-space: pre-wrap;\"><strong>Nombre comercial:<\/strong> WITSALON<\/p>\n<\/li>\n<li>\n<p class=\"\" style=\"white-space: pre-wrap;\"><strong>NIF\/CIF:<\/strong> X4892668Q<\/p>\n<\/li>\n<li>\n<p class=\"\" style=\"white-space: pre-wrap;\"><strong>Direcci\u00f3n:<\/strong> Carrer de l\u2019Esgl\u00e9sia 4, 08024 Barcelona<\/p>\n<\/li>\n<li>\n<p class=\"\" style=\"white-space: pre-wrap;\"><strong>Correo electr\u00f3nico:<\/strong> info@witsalon.com<\/p>\n<\/li>\n<li>\n<p class=\"\" style=\"white-space: pre-wrap;\"><strong>Actividad:<\/strong> Peluquer\u00eda.<\/p>\n<p class=\"\" style=\"white-space: pre-wrap;\" data-rte-preserve-empty=\"true\">\n<\/li>\n<\/ul>\n<p class=\"\" style=\"white-space: pre-wrap;\">En este apartado, como USUARIO, Vd. podr\u00e1 encontrar toda la informaci\u00f3n que concierne a los t\u00e9rminos y condiciones legales que definen las relaciones entre los usuarios y\u00a0<strong>Witsalon<\/strong> como responsable de este sitio web. Recomendamos que lea atentamente estos t\u00e9rminos antes de continuar la navegaci\u00f3n.<\/p>\n<p class=\"\" style=\"white-space: pre-wrap;\"><strong>Witsalon<\/strong> como responsable de este sitio web, asume el compromiso de procesar la informaci\u00f3n de nuestros usuarios y clientes con plenas garant\u00edas, cumplir con los requisitos nacionales y europeos que regulan la recopilaci\u00f3n y uso de los datos personales de nuestros usuarios.<\/p>\n<p class=\"\" style=\"white-space: pre-wrap;\">El sitio web\u00a0<a style=\"color: #f29163; text-decoration: underline dotted;\" href=\"https:\/\/www.witsalon.com\">www.witsalon.com<\/a> cumple rigurosamente con las medidas de seguridad y privacidad que estipulan el RGPD (REGLAMENTO UE 2016\/679 de Protecci\u00f3n de Datos),\u00a0la LSSI-CE la Ley 34\/2002, de 11 de julio, de Servicios de la Sociedad de la Informaci\u00f3n y de Comercio Electr\u00f3nico y la Ley 15\/1999, de 13 de diciembre, sobre Protecci\u00f3n de Datos Personales.<\/p>\n<p class=\"\" style=\"white-space: pre-wrap;\">El sitio web\u00a0Documento revisado el 17\/10\/2018<\/p>\n<h2 style=\"white-space: pre-wrap; color: #f29163; font-size: 30px;\">Condiciones generales de uso<\/h2>\n<p class=\"\" style=\"white-space: pre-wrap;\">Estas Condiciones Generales regulan el uso (incluyendo el mero acceso) de las p\u00e1ginas integrantes del sitio web <strong>Witsalon<\/strong>, incluidos los contenidos y servicios puestos a disposici\u00f3n de las mismas. Los usuarios que accedan al sitio web <a style=\"color: #f29163; text-decoration: underline dotted;\" href=\"https:\/\/www.witsalon.com\">www.witsalon.com<\/a> (\u201c<strong>usuario<\/strong>\u201d) aceptar\u00e1n someterse a las Condiciones Generales vigentes en dicho sitio web en cada momento.<\/p>\n<h2 style=\"white-space: pre-wrap; color: #f29163; font-size: 30px;\">Datos personales que recabamos y c\u00f3mo lo hacemos<\/h2>\n<p class=\"\" style=\"white-space: pre-wrap;\">Ver informaci\u00f3n en <a style=\"color: #f29163; text-decoration: underline dotted;\" href=\"https:\/\/www.barcelonahairacademy.com\/es\/politica-de-privacidad\/\">Pol\u00edticas de Privacidad<\/a>.<\/p>\n<h2 style=\"white-space: pre-wrap; color: #f29163; font-size: 30px;\">Compromisos y obligaciones de los usuarios<\/h2>\n<p class=\"\" style=\"white-space: pre-wrap;\">El usuario queda informado y acepta que el acceso a nuestro sitio web no supone el inicio de una relaci\u00f3n comercial con <strong>Witsalon<\/strong>. De esta forma, el usuario se compromete a utilizar el sitio Web, sus servicios y contenidos sin contravenir la legislaci\u00f3n vigente, la buena fe y el orden p\u00fablico.<\/p>\n<p class=\"\" style=\"white-space: pre-wrap;\">Queda prohibido el uso del sitio web\u00a0<a style=\"color: #f29163; text-decoration: underline dotted;\" href=\"https:\/\/www.witsalon.com\">www.witsalon.com<\/a> con fines il\u00edcitos o lesivos que de cualquier forma puedan causar perjuicio o impedir el normal funcionamiento de nuestro sitio web.<\/p>\n<p class=\"\" style=\"white-space: pre-wrap;\"><strong>Queda expresamente prohibido:<\/strong><\/p>\n<ul data-rte-list=\"default\">\n<li>\n<p class=\"\" style=\"white-space: pre-wrap;\">Reproducir, distribuir o modificar sin la autorizaci\u00f3n de los leg\u00edtimos titulares.<\/p>\n<\/li>\n<li>\n<p class=\"\" style=\"white-space: pre-wrap;\">Vulnerar los derechos del prestador o de los leg\u00edtimos titulares.<\/p>\n<\/li>\n<li>\n<p class=\"\" style=\"white-space: pre-wrap;\">Intentar el acceso a cuentas de correo electr\u00f3nico pertenecientes a otros usuarios o intentar el acceso a \u00e1reas restringidas con fines il\u00edcitos.<\/p>\n<\/li>\n<li>\n<p class=\"\" style=\"white-space: pre-wrap;\">La propagaci\u00f3n de virus inform\u00e1ticos u otros elementos susceptibles de da\u00f1ar o alterar documentos electr\u00f3nicos, datos o sistemas de hardware y software, sobrecargar, deteriorar y\/o dificultar la actividad normal del sitio web <a style=\"color: #f29163; text-decoration: underline dotted;\" href=\"https:\/\/www.witsalon.com\">www.witsalon.com<\/a>.<\/p>\n<\/li>\n<\/ul>\n<p class=\"\" style=\"white-space: pre-wrap;\">En el uso de nuestro sitio web, el usuario se compromete a no llevar a cabo ninguna conducta que pudiera da\u00f1ar la imagen, los intereses y los derechos de <strong>Witsalon<\/strong> o de terceros, as\u00ed como a no hacer un uso que pueda inutilizar o sobrecargar el sitio web o que impida, de cualquier forma, la normal utilizaci\u00f3n del sitio web.<\/p>\n<h2 style=\"white-space: pre-wrap; color: #f29163; font-size: 30px;\">Medidas de seguridad<\/h2>\n<p class=\"\" style=\"white-space: pre-wrap;\">Todos los datos personales que Vd. facilite a <strong>Witsalon<\/strong> pueden ser almacenados en bases de datos automatizadas o no, cuya titularidad corresponde en exclusiva a <strong>Witsalon<\/strong>. Para ello asumimos todas las medidas t\u00e9cnicas, organizativas y de seguridad que garanticen la confidencialidad, integridad y calidad de la informaci\u00f3n contenida en las mismas de acuerdo con lo establecido en la normativa vigente en protecci\u00f3n de datos.<\/p>\n<p class=\"\" style=\"white-space: pre-wrap;\">La comunicaci\u00f3n bidireccional entre los usuarios y <strong>Witsalon<\/strong> se realiza en un canal seguro y los datos siempre son cifrados gracias a protocolos https, con lo que garantizamos condiciones de seguridad con respecto a la confidencialidad de los usuarios.<\/p>\n<h2 style=\"white-space: pre-wrap; color: #f29163; font-size: 30px;\">Reclamaciones<\/h2>\n<p class=\"\" style=\"white-space: pre-wrap;\"><strong>Witsalon<\/strong> informa que existen hojas de reclamaci\u00f3n a disposici\u00f3n de usuarios y clientes.<\/p>\n<p class=\"\" style=\"white-space: pre-wrap;\">Como usuario Vd. puede realizar reclamaciones solicitando su hoja de reclamaci\u00f3n o remitiendo un correo electr\u00f3nico a <a style=\"color: #f29163; text-decoration: underline dotted;\" href=\"mailto:info@witsalon.com\">info@witsalon.com<\/a> indicando su nombre y apellidos, el servicio y\/o producto adquirido y exponiendo los motivos de su reclamaci\u00f3n.<\/p>\n<p class=\"\" style=\"white-space: pre-wrap;\">Adem\u00e1s, como usuario Vd. podr\u00e1 notificarnos la reclamaci\u00f3n, bien a trav\u00e9s de correo electr\u00f3nico a: <a style=\"color: #f29163; text-decoration: underline dotted;\" href=\"mailto:info@witsalon.com\">info@witsalon.com<\/a> o bien por correo postal dirigido a: <strong>Witsalon<\/strong>, en Carrer de l\u2019Esgl\u00e9sia 4, 08024 Barcelona, cumplimentado el siguiente formulario de reclamaci\u00f3n:<\/p>\n<ul data-rte-list=\"default\">\n<li>\n<p class=\"\" style=\"white-space: pre-wrap;\"><strong>A la atenci\u00f3n de<\/strong>: Emma Kareliussen<\/p>\n<\/li>\n<li>\n<p class=\"\" style=\"white-space: pre-wrap;\"><strong>Direcci\u00f3n:<\/strong> Carrer de l\u2019Esgl\u00e9sia 4, 08024 Barcelona<\/p>\n<\/li>\n<li>\n<p class=\"\" style=\"white-space: pre-wrap;\"><strong>E-mail:<\/strong> <a style=\"color: #f29163; text-decoration: underline dotted;\" href=\"mailto:info@witsalon.com\">info@witsalon.com<\/a><\/p>\n<\/li>\n<li>\n<p class=\"\" style=\"white-space: pre-wrap;\"><strong>Nombre del usuario:<\/strong><\/p>\n<\/li>\n<li>\n<p class=\"\" style=\"white-space: pre-wrap;\"><strong>Domicilio del usuario:<\/strong><\/p>\n<\/li>\n<li>\n<p class=\"\" style=\"white-space: pre-wrap;\"><strong>Firma del usuario (solo si se presenta en papel):<\/strong><\/p>\n<\/li>\n<li>\n<p class=\"\" style=\"white-space: pre-wrap;\"><strong>Fecha:<\/strong><\/p>\n<\/li>\n<li>\n<p class=\"\" style=\"white-space: pre-wrap;\"><strong>Motivo de la reclamaci\u00f3n:<\/strong><\/p>\n<\/li>\n<\/ul>\n<h2 style=\"white-space: pre-wrap; color: #f29163; font-size: 30px;\">Plataforma de resoluci\u00f3n de conflictos<\/h2>\n<p class=\"\" style=\"white-space: pre-wrap;\">Vd. puede hacer sus reclamaciones utilizando la plataforma de resoluci\u00f3n de litigios que facilita la Comisi\u00f3n Europea y que se encuentra disponible en el siguiente enlace:<a style=\"color: #f29163; text-decoration: underline dotted;\" href=\"http:\/\/ec.europa.eu\/consumers\/odr\/\"> http:\/\/ec.europa.eu\/consumers\/odr\/<\/a><\/p>\n<h2 style=\"white-space: pre-wrap; color: #f29163; font-size: 30px;\">Derechos de propiedad intelectual e industrial<\/h2>\n<p class=\"\" style=\"white-space: pre-wrap;\">En virtud de lo dispuesto en los art\u00edculos 8 y 32.1, p\u00e1rrafo segundo, de la Ley de Propiedad Intelectual, quedan expresamente prohibidas la reproducci\u00f3n, la distribuci\u00f3n y la comunicaci\u00f3n p\u00fablica, incluida su modalidad de puesta a disposici\u00f3n, de la totalidad o parte de los contenidos de este sitio web, con fines comerciales, en cualquier soporte y por cualquier medio t\u00e9cnico, sin la autorizaci\u00f3n de <strong>Witsalon<\/strong>.<\/p>\n<p class=\"\" style=\"white-space: pre-wrap;\">El usuario se compromete a respetar los derechos de Propiedad Intelectual e Industrial titularidad de <strong>Witsalon<\/strong>. El usuario conoce y acepta que la totalidad del sitio web, conteniendo sin car\u00e1cter exhaustivo el texto, software, contenidos (incluyendo estructura, selecci\u00f3n, ordenaci\u00f3n y presentaci\u00f3n de los mismos) podcast, fotograf\u00edas, material audiovisual y gr\u00e1ficos, est\u00e1 protegida por marcas, derechos de autor y otros derechos leg\u00edtimos, de acuerdo con los tratados internacionales en los que Espa\u00f1a es parte y otros derechos de propiedad y leyes de Espa\u00f1a.<\/p>\n<p class=\"\" style=\"white-space: pre-wrap;\">En el caso de que un usuario o un tercero consideren que se ha producido una violaci\u00f3n de sus leg\u00edtimos derechos de propiedad intelectual por la introducci\u00f3n de un determinado contenido en el sitio web, deber\u00e1 notificar dicha circunstancia a <strong>Witsalon<\/strong> indicando:<\/p>\n<ul data-rte-list=\"default\">\n<li>\n<p class=\"\" style=\"white-space: pre-wrap;\">Datos personales del interesado titular de los derechos presuntamente infringidos o indicar la representaci\u00f3n con la que act\u00faa en caso de que la reclamaci\u00f3n la presente un tercero distinto del interesado.<\/p>\n<\/li>\n<li>\n<p class=\"\" style=\"white-space: pre-wrap;\">Se\u00f1alar los contenidos protegidos por los derechos de propiedad intelectual y su ubicaci\u00f3n en el sitio web, la acreditaci\u00f3n de los derechos de propiedad intelectual se\u00f1alados y declaraci\u00f3n expresa en la que el interesado se responsabiliza de la veracidad de las informaciones facilitadas en la notificaci\u00f3n.<\/p>\n<\/li>\n<\/ul>\n<h2 style=\"white-space: pre-wrap; color: #f29163; font-size: 30px;\">Enlaces externos<\/h2>\n<p class=\"\" style=\"white-space: pre-wrap;\">Nuestro sitio web <a style=\"color: #f29163; text-decoration: underline dotted;\" href=\"https:\/\/www.witsalon.com\">www.witsalon.com<\/a> proporciona enlaces a otros sitios web propios y contenidos que son propiedad de terceros tales como:<\/p>\n<ul data-rte-list=\"default\">\n<li>\n<p class=\"\" style=\"white-space: pre-wrap;\">Contenidos de otros blogs.<\/p>\n<\/li>\n<li>\n<p class=\"\" style=\"white-space: pre-wrap;\">Herramientas.<\/p>\n<\/li>\n<li>\n<p class=\"\" style=\"white-space: pre-wrap;\">Recursos.<\/p>\n<\/li>\n<\/ul>\n<p class=\"\" style=\"white-space: pre-wrap;\">El objetivo que persiguen estos enlaces es proporcionar al usuario la posibilidad de acceder a ellos. Por tanto, <strong>Witsalon<\/strong> no se responsabiliza en ning\u00fan caso de los resultados que puedan derivarse al usuario por acceso a dichos enlaces.<\/p>\n<p class=\"\" style=\"white-space: pre-wrap;\">Asimismo, el usuario encontrar\u00e1 dentro de este sitio, p\u00e1ginas, promociones, programas de afiliados que acceden a los h\u00e1bitos de navegaci\u00f3n de los usuarios para establecer perfiles. Una vez m\u00e1s, aseguramos que toda esta informaci\u00f3n siempre es an\u00f3nima y no identifica al usuario.<\/p>\n<p class=\"\" style=\"white-space: pre-wrap;\">Toda la informaci\u00f3n que se proporcione en estos sitios patrocinados o enlaces de afiliados est\u00e1 sujeta a las pol\u00edticas de privacidad que se utilizan en dichos sitios y no estar\u00e1 sujeta a la Pol\u00edtica de Privacidad de <strong>Witsalon<\/strong>. Invitamos a todos los usuarios a revisar detalladamente las pol\u00edticas de privacidad de los enlaces de afiliados.<\/p>\n<p class=\"\" style=\"white-space: pre-wrap;\">El usuario que se proponga establecer cualquier dispositivo t\u00e9cnico de enlace desde su sitio web a nuestro sitio web deber\u00e1 obtener la autorizaci\u00f3n previa y escrita de <strong>Witsalon.<\/strong><\/p>\n<p class=\"\" style=\"white-space: pre-wrap;\">El establecimiento del enlace no implica en ning\u00fan caso la existencia de relaciones entre <strong>Witsalon<\/strong> y el propietario del sitio en el que se establezca el enlace, ni la aceptaci\u00f3n o aprobaci\u00f3n por parte de <strong>Witsalon<\/strong> de sus contenidos o servicios.<\/p>\n<h2 style=\"white-space: pre-wrap; color: #f29163; font-size: 30px;\">Pol\u00edtica de comentarios<\/h2>\n<p class=\"\" style=\"white-space: pre-wrap;\">En el sitio web\u00a0<a style=\"color: #f29163; text-decoration: underline dotted;\" href=\"https:\/\/www.witsalon.com\">www.witsalon.com<\/a> se permiten realizar comentarios para enriquecer los contenidos o realizar consultas.<\/p>\n<p class=\"\" style=\"white-space: pre-wrap;\">No estar\u00e1n permitidos los comentarios que no est\u00e9n relacionados con la tem\u00e1tica de este sitio web, que incluyan difamaciones, agravios, insultos, ataques personales o faltas de respeto en general hacia el autor o hacia otros miembros.<\/p>\n<p class=\"\" style=\"white-space: pre-wrap;\">Ser\u00e1n eliminados todos los comentarios que contengan informaci\u00f3n enga\u00f1osa o falsa, comentarios con informaci\u00f3n personal, como, por ejemplo, domicilios privados o tel\u00e9fonos y que vulneren nuestra pol\u00edtica de protecci\u00f3n de datos.<\/p>\n<p class=\"\" style=\"white-space: pre-wrap;\">Tambi\u00e9n ser\u00e1n eliminados todos los comentarios creados s\u00f3lo con fines promocionales de un sitio web, persona o colectivo y todo lo que pueda ser considerado spam.<\/p>\n<p class=\"\" style=\"white-space: pre-wrap;\">No se permitir\u00e1n comentarios an\u00f3nimos, ni comentarios realizados por una misma persona con distintos apodos. No se considerar\u00e1n tampoco aquellos comentarios que intenten forzar un debate o una toma de postura por otro usuario.<\/p>\n<h2 style=\"white-space: pre-wrap; color: #f29163; font-size: 30px;\">Exclusi\u00f3n de garant\u00edas y responsabilidades<\/h2>\n<p class=\"\" style=\"white-space: pre-wrap;\">No otorgamos ninguna garant\u00eda ni nos hacemos responsables, en ning\u00fan caso, de los da\u00f1os y perjuicios de cualquier naturaleza que pudieran traer causa de:<\/p>\n<ul data-rte-list=\"default\">\n<li>\n<p class=\"\" style=\"white-space: pre-wrap;\">Falta de disponibilidad, mantenimiento y efectivo funcionamiento del sitio web, o de sus servicios y contenidos.<\/p>\n<\/li>\n<li>\n<p class=\"\" style=\"white-space: pre-wrap;\">Existencia de virus, programas maliciosos o lesivos en los contenidos.<\/p>\n<\/li>\n<li>\n<p class=\"\" style=\"white-space: pre-wrap;\">Uso il\u00edcito, negligente, fraudulento o contrario a este Aviso Legal.<\/p>\n<\/li>\n<li>\n<p class=\"\" style=\"white-space: pre-wrap;\">Falta de licitud, calidad, fiabilidad, utilidad y disponibilidad de los servicios prestados por terceros y puestos a disposici\u00f3n de los usuarios.<\/p>\n<\/li>\n<\/ul>\n<p class=\"\" style=\"white-space: pre-wrap;\"><strong>Witsalon <\/strong>no se hace responsable, bajo ning\u00fan concepto, de los da\u00f1os que pudieran dimanar del uso ilegal o indebido del sitio web <a style=\"color: #f29163; text-decoration: underline dotted;\" href=\"https:\/\/www.witsalon.com\">www.witsalon.com<\/a>.<\/p>\n<h2 style=\"white-space: pre-wrap; color: #f29163; font-size: 30px;\">Ley aplicable y jurisdicci\u00f3n<\/h2>\n<p class=\"\" style=\"white-space: pre-wrap;\">Con car\u00e1cter general las relaciones entre <strong>Witsalon<\/strong> y sus usuarios, en este sitio web, se encuentran sometidas a la legislaci\u00f3n y jurisdicci\u00f3n espa\u00f1olas y a los tribunales de Barcelona.<\/p>\n<h2 style=\"white-space: pre-wrap; color: #f29163; font-size: 30px;\">Contacto<\/h2>\n<p class=\"\" style=\"white-space: pre-wrap;\">En caso de que cualquier usuario tuviese alguna duda acerca de estas Condiciones Legales o cualquier comentario sobre el sitio web <a style=\"color: #f29163; text-decoration: underline dotted;\" href=\"https:\/\/www.witsalon.com\">www.witsalon.com<\/a>, por favor dir\u00edjase a <a style=\"color: #f29163; text-decoration: underline dotted;\" href=\"mailto:info@witsalon.com\">info@witsalon.com<\/a>.<\/p>\n<p class=\"\" style=\"white-space: pre-wrap;\">Desde\u00a0<strong>Witsalon<\/strong> le agradecemos el tiempo que Vd. ha dedicado al leer este Aviso Legal. cumple rigurosamente con las medidas de seguridad y privacidad que estipulan el RGPD (REGLAMENTO UE 2016\/679 de Protecci\u00f3n de Datos), la LSSI-CE la Ley 34\/2002, de 11 de julio, de Servicios de la Sociedad de la Informaci\u00f3n y de Comercio Electr\u00f3nico y la Ley 15\/1999, de 13 de diciembre, sobre Protecci\u00f3n de Datos Personales.<\/p>\n<p>[\/vc_column_text][\/vc_column][vc_column width=&#8221;1\/6&#8243;][\/vc_column][\/vc_row]<\/p>\n<\/div>","protected":false},"excerpt":{"rendered":"<p>[vc_row full_width=&#8221;stretch_row&#8221; css=&#8221;.vc_custom_1716911306214{background-color: #a5e3e1 !important;}&#8221; woodmart_css_id=&#8221;6655fcc3ebc24&#8243; responsive_spacing=&#8221;eyJwYXJhbV90eXBlIjoid29vZG1hcnRfcmVzcG9uc2l2ZV9zcGFjaW5nIiwic2VsZWN0b3JfaWQiOiI2NjU1ZmNjM2ViYzI0Iiwic2hvcnRjb2RlIjoidmNfcm93IiwiZGF0YSI6eyJ0YWJsZXQiOnt9LCJtb2JpbGUiOnt9fX0=&#8221; mobile_bg_img_hidden=&#8221;no&#8221; tablet_bg_img_hidden=&#8221;no&#8221; woodmart_parallax=&#8221;0&#8243; woodmart_gradient_switch=&#8221;no&#8221; woodmart_box_shadow=&#8221;no&#8221; wd_z_index=&#8221;no&#8221; woodmart_disable_overflow=&#8221;0&#8243; row_reverse_mobile=&#8221;0&#8243; row_reverse_tablet=&#8221;0&#8243;][vc_column width=&#8221;1\/6&#8243;][\/vc_column][vc_column width=&#8221;2\/3&#8243;][vc_column_text css=&#8221;&#8221; woodmart_inline=&#8221;no&#8221;<\/p>\n","protected":false},"author":1,"featured_media":0,"parent":0,"menu_order":0,"comment_status":"closed","ping_status":"closed","template":"","meta":{"_joinchat":[],"footnotes":""},"class_list":["post-438","page","type-page","status-publish","hentry"],"yoast_head":"<!-- This site is optimized with the Yoast SEO plugin v24.9 - https:\/\/yoast.com\/wordpress\/plugins\/seo\/ -->\n<title>Legal - Witsalon<\/title>\n<meta name=\"robots\" content=\"index, follow, max-snippet:-1, max-image-preview:large, max-video-preview:-1\" \/>\n<link rel=\"canonical\" href=\"https:\/\/witsalon.com\/en\/aviso-legal\/\" \/>\n<meta property=\"og:locale\" content=\"en_US\" \/>\n<meta property=\"og:type\" content=\"article\" \/>\n<meta property=\"og:title\" content=\"Legal - Witsalon\" \/>\n<meta property=\"og:description\" content=\"[vc_row full_width=&#8221;stretch_row&#8221; css=&#8221;.vc_custom_1716911306214{background-color: #a5e3e1 !important;}&#8221; woodmart_css_id=&#8221;6655fcc3ebc24&#8243; responsive_spacing=&#8221;eyJwYXJhbV90eXBlIjoid29vZG1hcnRfcmVzcG9uc2l2ZV9zcGFjaW5nIiwic2VsZWN0b3JfaWQiOiI2NjU1ZmNjM2ViYzI0Iiwic2hvcnRjb2RlIjoidmNfcm93IiwiZGF0YSI6eyJ0YWJsZXQiOnt9LCJtb2JpbGUiOnt9fX0=&#8221; mobile_bg_img_hidden=&#8221;no&#8221; tablet_bg_img_hidden=&#8221;no&#8221; woodmart_parallax=&#8221;0&#8243; woodmart_gradient_switch=&#8221;no&#8221; woodmart_box_shadow=&#8221;no&#8221; wd_z_index=&#8221;no&#8221; woodmart_disable_overflow=&#8221;0&#8243; row_reverse_mobile=&#8221;0&#8243; row_reverse_tablet=&#8221;0&#8243;][vc_column width=&#8221;1\/6&#8243;][\/vc_column][vc_column width=&#8221;2\/3&#8243;][vc_column_text css=&#8221;&#8221; woodmart_inline=&#8221;no&#8221;\" \/>\n<meta property=\"og:url\" content=\"https:\/\/witsalon.com\/en\/aviso-legal\/\" \/>\n<meta property=\"og:site_name\" content=\"Witsalon\" \/>\n<meta name=\"twitter:card\" content=\"summary_large_image\" \/>\n<meta name=\"twitter:label1\" content=\"Est. reading time\" \/>\n\t<meta name=\"twitter:data1\" content=\"9 minutes\" \/>\n<script type=\"application\/ld+json\" class=\"yoast-schema-graph\">{\"@context\":\"https:\/\/schema.org\",\"@graph\":[{\"@type\":\"WebPage\",\"@id\":\"https:\/\/witsalon.com\/en\/aviso-legal\/\",\"url\":\"https:\/\/witsalon.com\/en\/aviso-legal\/\",\"name\":\"Legal - Witsalon\",\"isPartOf\":{\"@id\":\"https:\/\/witsalon.com\/en\/#website\"},\"datePublished\":\"2024-05-16T09:11:49+00:00\",\"breadcrumb\":{\"@id\":\"https:\/\/witsalon.com\/en\/aviso-legal\/#breadcrumb\"},\"inLanguage\":\"en-US\",\"potentialAction\":[{\"@type\":\"ReadAction\",\"target\":[\"https:\/\/witsalon.com\/en\/aviso-legal\/\"]}]},{\"@type\":\"BreadcrumbList\",\"@id\":\"https:\/\/witsalon.com\/en\/aviso-legal\/#breadcrumb\",\"itemListElement\":[{\"@type\":\"ListItem\",\"position\":1,\"name\":\"Portada\",\"item\":\"https:\/\/witsalon.com\/en\/\"},{\"@type\":\"ListItem\",\"position\":2,\"name\":\"Legal\"}]},{\"@type\":\"WebSite\",\"@id\":\"https:\/\/witsalon.com\/en\/#website\",\"url\":\"https:\/\/witsalon.com\/en\/\",\"name\":\"Witsalon\",\"description\":\"Your International Hair Salon in Barcelona\",\"potentialAction\":[{\"@type\":\"SearchAction\",\"target\":{\"@type\":\"EntryPoint\",\"urlTemplate\":\"https:\/\/witsalon.com\/en\/?s={search_term_string}\"},\"query-input\":{\"@type\":\"PropertyValueSpecification\",\"valueRequired\":true,\"valueName\":\"search_term_string\"}}],\"inLanguage\":\"en-US\"}]}<\/script>\n<!-- \/ Yoast SEO plugin. -->","yoast_head_json":{"title":"Legal - Witsalon","robots":{"index":"index","follow":"follow","max-snippet":"max-snippet:-1","max-image-preview":"max-image-preview:large","max-video-preview":"max-video-preview:-1"},"canonical":"https:\/\/witsalon.com\/en\/aviso-legal\/","og_locale":"en_US","og_type":"article","og_title":"Legal - Witsalon","og_description":"[vc_row full_width=&#8221;stretch_row&#8221; css=&#8221;.vc_custom_1716911306214{background-color: #a5e3e1 !important;}&#8221; woodmart_css_id=&#8221;6655fcc3ebc24&#8243; responsive_spacing=&#8221;eyJwYXJhbV90eXBlIjoid29vZG1hcnRfcmVzcG9uc2l2ZV9zcGFjaW5nIiwic2VsZWN0b3JfaWQiOiI2NjU1ZmNjM2ViYzI0Iiwic2hvcnRjb2RlIjoidmNfcm93IiwiZGF0YSI6eyJ0YWJsZXQiOnt9LCJtb2JpbGUiOnt9fX0=&#8221; mobile_bg_img_hidden=&#8221;no&#8221; tablet_bg_img_hidden=&#8221;no&#8221; woodmart_parallax=&#8221;0&#8243; woodmart_gradient_switch=&#8221;no&#8221; woodmart_box_shadow=&#8221;no&#8221; wd_z_index=&#8221;no&#8221; woodmart_disable_overflow=&#8221;0&#8243; row_reverse_mobile=&#8221;0&#8243; row_reverse_tablet=&#8221;0&#8243;][vc_column width=&#8221;1\/6&#8243;][\/vc_column][vc_column width=&#8221;2\/3&#8243;][vc_column_text css=&#8221;&#8221; woodmart_inline=&#8221;no&#8221;","og_url":"https:\/\/witsalon.com\/en\/aviso-legal\/","og_site_name":"Witsalon","twitter_card":"summary_large_image","twitter_misc":{"Est. reading time":"9 minutes"},"schema":{"@context":"https:\/\/schema.org","@graph":[{"@type":"WebPage","@id":"https:\/\/witsalon.com\/en\/aviso-legal\/","url":"https:\/\/witsalon.com\/en\/aviso-legal\/","name":"Legal - Witsalon","isPartOf":{"@id":"https:\/\/witsalon.com\/en\/#website"},"datePublished":"2024-05-16T09:11:49+00:00","breadcrumb":{"@id":"https:\/\/witsalon.com\/en\/aviso-legal\/#breadcrumb"},"inLanguage":"en-US","potentialAction":[{"@type":"ReadAction","target":["https:\/\/witsalon.com\/en\/aviso-legal\/"]}]},{"@type":"BreadcrumbList","@id":"https:\/\/witsalon.com\/en\/aviso-legal\/#breadcrumb","itemListElement":[{"@type":"ListItem","position":1,"name":"Portada","item":"https:\/\/witsalon.com\/en\/"},{"@type":"ListItem","position":2,"name":"Legal"}]},{"@type":"WebSite","@id":"https:\/\/witsalon.com\/en\/#website","url":"https:\/\/witsalon.com\/en\/","name":"Witsalon","description":"Your International Hair Salon in Barcelona","potentialAction":[{"@type":"SearchAction","target":{"@type":"EntryPoint","urlTemplate":"https:\/\/witsalon.com\/en\/?s={search_term_string}"},"query-input":{"@type":"PropertyValueSpecification","valueRequired":true,"valueName":"search_term_string"}}],"inLanguage":"en-US"}]}},"_links":{"self":[{"href":"https:\/\/witsalon.com\/en\/wp-json\/wp\/v2\/pages\/438","targetHints":{"allow":["GET"]}}],"collection":[{"href":"https:\/\/witsalon.com\/en\/wp-json\/wp\/v2\/pages"}],"about":[{"href":"https:\/\/witsalon.com\/en\/wp-json\/wp\/v2\/types\/page"}],"author":[{"embeddable":true,"href":"https:\/\/witsalon.com\/en\/wp-json\/wp\/v2\/users\/1"}],"replies":[{"embeddable":true,"href":"https:\/\/witsalon.com\/en\/wp-json\/wp\/v2\/comments?post=438"}],"version-history":[{"count":0,"href":"https:\/\/witsalon.com\/en\/wp-json\/wp\/v2\/pages\/438\/revisions"}],"wp:attachment":[{"href":"https:\/\/witsalon.com\/en\/wp-json\/wp\/v2\/media?parent=438"}],"curies":[{"name":"wp","href":"https:\/\/api.w.org\/{rel}","templated":true}]}}